{"id":993,"date":"2020-02-13T13:06:31","date_gmt":"2020-02-13T13:06:31","guid":{"rendered":"https:\/\/the7.io\/elementor-business\/?page_id=993"},"modified":"2024-09-09T17:15:17","modified_gmt":"2024-09-09T17:15:17","slug":"hizmetlerimiz","status":"publish","type":"page","link":"https:\/\/bashgroup.com.tr\/en\/hizmetlerimiz\/","title":{"rendered":"Services"},"content":{"rendered":"<div data-elementor-type=\"wp-page\" data-elementor-id=\"993\" class=\"elementor elementor-993\" data-elementor-post-type=\"page\">\n\t\t\t\t\t\t<section class=\"elementor-section elementor-top-section elementor-element elementor-element-0c5e932 elementor-section-boxed elementor-section-height-default elementor-section-height-default\" data-id=\"0c5e932\" data-element_type=\"section\">\n\t\t\t\t\t\t<div class=\"elementor-container elementor-column-gap-wider\">\n\t\t\t\t\t<div class=\"elementor-column elementor-col-50 elementor-top-column elementor-element elementor-element-4f5036b\" data-id=\"4f5036b\" data-element_type=\"column\">\n\t\t\t<div class=\"elementor-widget-wrap elementor-element-populated\">\n\t\t\t\t\t\t<div class=\"elementor-element elementor-element-8c99eb9 elementor-widget elementor-widget-heading\" data-id=\"8c99eb9\" data-element_type=\"widget\" data-widget_type=\"heading.default\">\n\t\t\t\t<div class=\"elementor-widget-container\">\n\t\t\t<h3 class=\"elementor-heading-title elementor-size-default\">01.<\/h3>\t\t<\/div>\n\t\t\t\t<\/div>\n\t\t\t\t<div class=\"elementor-element elementor-element-2bcfc5d elementor-widget elementor-widget-spacer\" data-id=\"2bcfc5d\" data-element_type=\"widget\" data-widget_type=\"spacer.default\">\n\t\t\t\t<div class=\"elementor-widget-container\">\n\t\t\t\t\t<div class=\"elementor-spacer\">\n\t\t\t<div class=\"elementor-spacer-inner\"><\/div>\n\t\t<\/div>\n\t\t\t\t<\/div>\n\t\t\t\t<\/div>\n\t\t\t\t<div class=\"elementor-element elementor-element-82d8684 elementor-widget__width-auto elementor-widget elementor-widget-heading\" data-id=\"82d8684\" data-element_type=\"widget\" data-widget_type=\"heading.default\">\n\t\t\t\t<div class=\"elementor-widget-container\">\n\t\t\t<h4 class=\"elementor-heading-title elementor-size-default\">For Industries<\/h4>\t\t<\/div>\n\t\t\t\t<\/div>\n\t\t\t\t<div class=\"elementor-element elementor-element-f1b694b elementor-widget elementor-widget-spacer\" data-id=\"f1b694b\" data-element_type=\"widget\" data-widget_type=\"spacer.default\">\n\t\t\t\t<div class=\"elementor-widget-container\">\n\t\t\t\t\t<div class=\"elementor-spacer\">\n\t\t\t<div class=\"elementor-spacer-inner\"><\/div>\n\t\t<\/div>\n\t\t\t\t<\/div>\n\t\t\t\t<\/div>\n\t\t\t\t<div class=\"elementor-element elementor-element-b89a739 elementor-widget elementor-widget-text-editor\" data-id=\"b89a739\" data-element_type=\"widget\" data-widget_type=\"text-editor.default\">\n\t\t\t\t<div class=\"elementor-widget-container\">\n\t\t\t\t\t\t\t<p>At Bash Group, we aim to establish strong and lasting relationships with our clients who operate as manufacturers, prioritizing trust and customer satisfaction. As a reliable partner, we provide tailored solutions based on long-term sales contracts that meet your needs. We understand how to reach your target audience and actively work to find the right customers for you.<\/p>\t\t\t\t\t\t<\/div>\n\t\t\t\t<\/div>\n\t\t\t\t<div class=\"elementor-element elementor-element-b4c178c elementor-widget__width-auto elementor-widget elementor-widget-heading\" data-id=\"b4c178c\" data-element_type=\"widget\" data-widget_type=\"heading.default\">\n\t\t\t\t<div class=\"elementor-widget-container\">\n\t\t\t<h4 class=\"elementor-heading-title elementor-size-default\">Are you a manufacturer?<\/h4>\t\t<\/div>\n\t\t\t\t<\/div>\n\t\t\t\t<div class=\"elementor-element elementor-element-7bf6afa elementor-align-left elementor-mobile-align-center elementor-widget elementor-widget-the7_button_widget\" data-id=\"7bf6afa\" data-element_type=\"widget\" data-widget_type=\"the7_button_widget.default\">\n\t\t\t\t<div class=\"elementor-widget-container\">\n\t\t\t<div class=\"elementor-button-wrapper\"><a href=\"mailto:info@bashgroup.com.tr\" target=\"_blank\" class=\"box-button elementor-button elementor-size-md\">Contact Us<\/a><\/div>\t\t<\/div>\n\t\t\t\t<\/div>\n\t\t\t\t\t<\/div>\n\t\t<\/div>\n\t\t\t\t<div class=\"elementor-column elementor-col-50 elementor-top-column elementor-element elementor-element-d168b13\" data-id=\"d168b13\" data-element_type=\"column\">\n\t\t\t<div class=\"elementor-widget-wrap elementor-element-populated\">\n\t\t\t\t\t\t<div class=\"elementor-element elementor-element-23a67e9 elementor-widget elementor-widget-heading\" data-id=\"23a67e9\" data-element_type=\"widget\" data-widget_type=\"heading.default\">\n\t\t\t\t<div class=\"elementor-widget-container\">\n\t\t\t<h3 class=\"elementor-heading-title elementor-size-default\">02.<\/h3>\t\t<\/div>\n\t\t\t\t<\/div>\n\t\t\t\t<div class=\"elementor-element elementor-element-246ab1a elementor-widget elementor-widget-spacer\" data-id=\"246ab1a\" data-element_type=\"widget\" data-widget_type=\"spacer.default\">\n\t\t\t\t<div class=\"elementor-widget-container\">\n\t\t\t\t\t<div class=\"elementor-spacer\">\n\t\t\t<div class=\"elementor-spacer-inner\"><\/div>\n\t\t<\/div>\n\t\t\t\t<\/div>\n\t\t\t\t<\/div>\n\t\t\t\t<div class=\"elementor-element elementor-element-69f4e0d elementor-widget__width-auto elementor-widget elementor-widget-heading\" data-id=\"69f4e0d\" data-element_type=\"widget\" data-widget_type=\"heading.default\">\n\t\t\t\t<div class=\"elementor-widget-container\">\n\t\t\t<h4 class=\"elementor-heading-title elementor-size-default\">For Suppliers<\/h4>\t\t<\/div>\n\t\t\t\t<\/div>\n\t\t\t\t<div class=\"elementor-element elementor-element-abaae9c elementor-widget elementor-widget-spacer\" data-id=\"abaae9c\" data-element_type=\"widget\" data-widget_type=\"spacer.default\">\n\t\t\t\t<div class=\"elementor-widget-container\">\n\t\t\t\t\t<div class=\"elementor-spacer\">\n\t\t\t<div class=\"elementor-spacer-inner\"><\/div>\n\t\t<\/div>\n\t\t\t\t<\/div>\n\t\t\t\t<\/div>\n\t\t\t\t<div class=\"elementor-element elementor-element-ddfc823 elementor-widget elementor-widget-text-editor\" data-id=\"ddfc823\" data-element_type=\"widget\" data-widget_type=\"text-editor.default\">\n\t\t\t\t<div class=\"elementor-widget-container\">\n\t\t\t\t\t\t\t<p>If you're a seller looking to expand your business volume or just starting out, Bash Group can assist you in finding the right supplier. We provide services across various sectors, with a focus on Food, Metal and Textile waste recycling industries. Get in touch with us and let's build new opportunities together.<\/p>\t\t\t\t\t\t<\/div>\n\t\t\t\t<\/div>\n\t\t\t\t<div class=\"elementor-element elementor-element-2044f68 elementor-widget__width-auto elementor-widget elementor-widget-heading\" data-id=\"2044f68\" data-element_type=\"widget\" data-widget_type=\"heading.default\">\n\t\t\t\t<div class=\"elementor-widget-container\">\n\t\t\t<h4 class=\"elementor-heading-title elementor-size-default\">Are You Looking For A Product?<\/h4>\t\t<\/div>\n\t\t\t\t<\/div>\n\t\t\t\t<div class=\"elementor-element elementor-element-9abae56 elementor-align-left elementor-mobile-align-center elementor-widget elementor-widget-the7_button_widget\" data-id=\"9abae56\" data-element_type=\"widget\" data-widget_type=\"the7_button_widget.default\">\n\t\t\t\t<div class=\"elementor-widget-container\">\n\t\t\t<div class=\"elementor-button-wrapper\"><a href=\"mailto:info@bashgroup.com.tr\" target=\"_blank\" class=\"box-button elementor-button elementor-size-md\">Contact Us<\/a><\/div>\t\t<\/div>\n\t\t\t\t<\/div>\n\t\t\t\t\t<\/div>\n\t\t<\/div>\n\t\t\t\t\t<\/div>\n\t\t<\/section>\n\t\t\t\t<section class=\"elementor-section elementor-top-section elementor-element elementor-element-a6ef309 elementor-section-boxed elementor-section-height-default elementor-section-height-default\" data-id=\"a6ef309\" data-element_type=\"section\">\n\t\t\t\t\t\t<div class=\"elementor-container elementor-column-gap-wider\">\n\t\t\t\t\t<div class=\"elementor-column elementor-col-100 elementor-top-column elementor-element elementor-element-e46f52f\" data-id=\"e46f52f\" data-element_type=\"column\">\n\t\t\t<div class=\"elementor-widget-wrap elementor-element-populated\">\n\t\t\t\t\t\t<div class=\"elementor-element elementor-element-72357f4 elementor-widget__width-auto elementor-widget elementor-widget-heading\" data-id=\"72357f4\" data-element_type=\"widget\" data-widget_type=\"heading.default\">\n\t\t\t\t<div class=\"elementor-widget-container\">\n\t\t\t<h4 class=\"elementor-heading-title elementor-size-default\">Services<\/h4>\t\t<\/div>\n\t\t\t\t<\/div>\n\t\t\t\t<div class=\"elementor-element elementor-element-889ca16 content-align-left icon-box-vertical-align-top icon-vertical-align-start elementor-widget elementor-widget-the7_image_box_grid_widget\" data-id=\"889ca16\" data-element_type=\"widget\" data-widget_type=\"the7_image_box_grid_widget.default\">\n\t\t\t\t<div class=\"elementor-widget-container\">\n\t\t\t<div class=\"the7-box-grid-wrapper the7-elementor-widget loading-effect-none the7_image_box_grid_widget-889ca16\">\t\t\t<div class=\"dt-css-grid\">\n\t\t\t\t\t\t\t\t\t<div class=\"wf-cell shown\">\n\t\t\t\t\t\t<div class=\"the7-image-box-wrapper the7-box-wrapper the7-elementor-widget\">\t\t\t\t\t\t\t<div class=\"box-content-wrapper\">\n\n\t\t\t\t\t\t\t\t\t\t\t\t\t\t\t\t\t<div class=\"elementor-image-div\">\n\t\t\t\t\t\t\t\t\t\t<a class=\"post-thumbnail-rollover layzr-bg img-css-resize-wrapper\" ><img fetchpriority=\"high\" decoding=\"async\" width=\"1920\" height=\"1080\" src=\"data:image\/svg+xml,%3Csvg%20xmlns%3D&#039;http%3A%2F%2Fwww.w3.org%2F2000%2Fsvg&#039;%20viewBox%3D&#039;0%200%201920%201080&#039;%2F%3E\" class=\"attachment-full size-full preload-me aspect lazy lazy-load\" alt=\"\" sizes=\"(max-width: 1920px) 100vw, 1920px\" style=\"--ratio: 1920 \/ 1080;\" data-src=\"https:\/\/bashgroup.com.tr\/wp-content\/uploads\/2024\/06\/1-7.webp\" loading=\"eager\" data-srcset=\"https:\/\/bashgroup.com.tr\/wp-content\/uploads\/2024\/06\/1-7.webp 1920w, https:\/\/bashgroup.com.tr\/wp-content\/uploads\/2024\/06\/1-7-300x169.webp 300w, https:\/\/bashgroup.com.tr\/wp-content\/uploads\/2024\/06\/1-7-1024x576.webp 1024w, https:\/\/bashgroup.com.tr\/wp-content\/uploads\/2024\/06\/1-7-768x432.webp 768w, https:\/\/bashgroup.com.tr\/wp-content\/uploads\/2024\/06\/1-7-1536x864.webp 1536w, https:\/\/bashgroup.com.tr\/wp-content\/uploads\/2024\/06\/1-7-18x10.webp 18w\" \/><\/a>\t\t\t\t\t\t\t\t\t<\/div>\n\t\t\t\t\t\t\t\t\t\t\t\t\t\t\t\t<div class=\"box-content\">\n\t\t\t\t\t\t\t\t\t<h4 class=\"box-heading\"><a >Import and Export Services<\/a><\/h4><div class=\"box-description\"><b> International trade activities in various sectors such as and  Food, Metal and Textile Waste Recycling.<\/b><br><br> Bash Group conducts international trade activities across various sectors, offering a wide range of import and export services to its clients. We provide strategic solutions for our clients in sectors such as Food, Metal and Textile Waste Recycling to help them find customers, manage sales processes, and compete effectively in the global market. As a reliable and efficient partner in our clients' international trade processes, we support them throughout the sales and post-sales phases.<\/div>\t\t\t\t\t\t\t\t<\/div>\n\t\t\t\t\t\t\t<\/div>\n\t\t\t\t\t\t<\/div>\t\t\t\t\t<\/div>\n\t\t\t\t\t\t\t\t\t\t<div class=\"wf-cell shown\">\n\t\t\t\t\t\t<div class=\"the7-image-box-wrapper the7-box-wrapper the7-elementor-widget\">\t\t\t\t\t\t\t<div class=\"box-content-wrapper\">\n\n\t\t\t\t\t\t\t\t\t\t\t\t\t\t\t\t\t<div class=\"elementor-image-div\">\n\t\t\t\t\t\t\t\t\t\t<a class=\"post-thumbnail-rollover layzr-bg img-css-resize-wrapper\" ><img decoding=\"async\" width=\"1920\" height=\"1080\" src=\"data:image\/svg+xml,%3Csvg%20xmlns%3D&#039;http%3A%2F%2Fwww.w3.org%2F2000%2Fsvg&#039;%20viewBox%3D&#039;0%200%201920%201080&#039;%2F%3E\" class=\"attachment-full size-full preload-me aspect lazy lazy-load\" alt=\"\" sizes=\"(max-width: 1920px) 100vw, 1920px\" style=\"--ratio: 1920 \/ 1080;\" data-src=\"https:\/\/bashgroup.com.tr\/wp-content\/uploads\/2024\/06\/2-7.webp\" loading=\"eager\" data-srcset=\"https:\/\/bashgroup.com.tr\/wp-content\/uploads\/2024\/06\/2-7.webp 1920w, https:\/\/bashgroup.com.tr\/wp-content\/uploads\/2024\/06\/2-7-300x169.webp 300w, https:\/\/bashgroup.com.tr\/wp-content\/uploads\/2024\/06\/2-7-1024x576.webp 1024w, https:\/\/bashgroup.com.tr\/wp-content\/uploads\/2024\/06\/2-7-768x432.webp 768w, https:\/\/bashgroup.com.tr\/wp-content\/uploads\/2024\/06\/2-7-1536x864.webp 1536w, https:\/\/bashgroup.com.tr\/wp-content\/uploads\/2024\/06\/2-7-18x10.webp 18w\" \/><\/a>\t\t\t\t\t\t\t\t\t<\/div>\n\t\t\t\t\t\t\t\t\t\t\t\t\t\t\t\t<div class=\"box-content\">\n\t\t\t\t\t\t\t\t\t<h4 class=\"box-heading\"><a >B2B and B4B Solutions<\/a><\/h4><div class=\"box-description\"><b>Offering customized and innovative B2B and B4B solutions tailored to the specific needs of our clients.\n<\/b><br><br> Bash Group provides customized and innovative B2B and B4B solutions for businesses operating in various sectors. If you are a manufacturer, we help you find customers to sell your products to. If you are a seller, we offer solutions to source products or expand your existing products into wider markets. With a customer-centric approach, we develop effective solutions within appropriate target markets for our partners' products, services, and brands, fostering lasting collaborations.<\/div>\t\t\t\t\t\t\t\t<\/div>\n\t\t\t\t\t\t\t<\/div>\n\t\t\t\t\t\t<\/div>\t\t\t\t\t<\/div>\n\t\t\t\t\t\t\t\t\t\t<div class=\"wf-cell shown\">\n\t\t\t\t\t\t<div class=\"the7-image-box-wrapper the7-box-wrapper the7-elementor-widget\">\t\t\t\t\t\t\t<div class=\"box-content-wrapper\">\n\n\t\t\t\t\t\t\t\t\t\t\t\t\t\t\t\t\t<div class=\"elementor-image-div\">\n\t\t\t\t\t\t\t\t\t\t<a class=\"post-thumbnail-rollover layzr-bg img-css-resize-wrapper\" ><img decoding=\"async\" width=\"1920\" height=\"1080\" src=\"data:image\/svg+xml,%3Csvg%20xmlns%3D&#039;http%3A%2F%2Fwww.w3.org%2F2000%2Fsvg&#039;%20viewBox%3D&#039;0%200%201920%201080&#039;%2F%3E\" class=\"attachment-full size-full preload-me aspect lazy lazy-load\" alt=\"\" sizes=\"(max-width: 1920px) 100vw, 1920px\" style=\"--ratio: 1920 \/ 1080;\" data-src=\"https:\/\/bashgroup.com.tr\/wp-content\/uploads\/2024\/06\/3-5.webp\" loading=\"eager\" data-srcset=\"https:\/\/bashgroup.com.tr\/wp-content\/uploads\/2024\/06\/3-5.webp 1920w, https:\/\/bashgroup.com.tr\/wp-content\/uploads\/2024\/06\/3-5-300x169.webp 300w, https:\/\/bashgroup.com.tr\/wp-content\/uploads\/2024\/06\/3-5-1024x576.webp 1024w, https:\/\/bashgroup.com.tr\/wp-content\/uploads\/2024\/06\/3-5-768x432.webp 768w, https:\/\/bashgroup.com.tr\/wp-content\/uploads\/2024\/06\/3-5-1536x864.webp 1536w\" \/><\/a>\t\t\t\t\t\t\t\t\t<\/div>\n\t\t\t\t\t\t\t\t\t\t\t\t\t\t\t\t<div class=\"box-content\">\n\t\t\t\t\t\t\t\t\t<h4 class=\"box-heading\"><a >Global Marketing and Strategy Development<\/a><\/h4><div class=\"box-description\"><b>Supporting customers in achieving effective growth in the global market.\n<\/b><br><br> The Bash Group team provides marketing and strategy development services to help customers gain a competitive advantage in the international market. By analyzing sectoral trends and customer expectations, we create unique and effective marketing strategies for our clients. We support their growth in the global market and contribute to their sustainable success.<\/div>\t\t\t\t\t\t\t\t<\/div>\n\t\t\t\t\t\t\t<\/div>\n\t\t\t\t\t\t<\/div>\t\t\t\t\t<\/div>\n\t\t\t\t\t\t\t\t\t\t<div class=\"wf-cell shown\">\n\t\t\t\t\t\t<div class=\"the7-image-box-wrapper the7-box-wrapper the7-elementor-widget\">\t\t\t\t\t\t\t<div class=\"box-content-wrapper\">\n\n\t\t\t\t\t\t\t\t\t\t\t\t\t\t\t\t\t<div class=\"elementor-image-div\">\n\t\t\t\t\t\t\t\t\t\t<a class=\"post-thumbnail-rollover layzr-bg img-css-resize-wrapper\" ><img decoding=\"async\" width=\"1920\" height=\"1080\" src=\"data:image\/svg+xml,%3Csvg%20xmlns%3D&#039;http%3A%2F%2Fwww.w3.org%2F2000%2Fsvg&#039;%20viewBox%3D&#039;0%200%201920%201080&#039;%2F%3E\" class=\"attachment-full size-full preload-me aspect lazy lazy-load\" alt=\"\" sizes=\"(max-width: 1920px) 100vw, 1920px\" style=\"--ratio: 1920 \/ 1080;\" data-src=\"https:\/\/bashgroup.com.tr\/wp-content\/uploads\/2024\/06\/4-1.webp\" loading=\"eager\" data-srcset=\"https:\/\/bashgroup.com.tr\/wp-content\/uploads\/2024\/06\/4-1.webp 1920w, https:\/\/bashgroup.com.tr\/wp-content\/uploads\/2024\/06\/4-1-300x169.webp 300w, https:\/\/bashgroup.com.tr\/wp-content\/uploads\/2024\/06\/4-1-1024x576.webp 1024w, https:\/\/bashgroup.com.tr\/wp-content\/uploads\/2024\/06\/4-1-768x432.webp 768w, https:\/\/bashgroup.com.tr\/wp-content\/uploads\/2024\/06\/4-1-1536x864.webp 1536w\" \/><\/a>\t\t\t\t\t\t\t\t\t<\/div>\n\t\t\t\t\t\t\t\t\t\t\t\t\t\t\t\t<div class=\"box-content\">\n\t\t\t\t\t\t\t\t\t<h4 class=\"box-heading\"><a >Customized Solutions<\/a><\/h4><div class=\"box-description\"><b>Providing tailored business solutions for every sector.\n<\/b><br><br> Bash Group offers customized solutions to meet the unique needs of each customer. We develop the most suitable strategies by understanding our customers' specific requirements. By working collaboratively, we elevate the success of our business partners to the next level.<\/div>\t\t\t\t\t\t\t\t<\/div>\n\t\t\t\t\t\t\t<\/div>\n\t\t\t\t\t\t<\/div>\t\t\t\t\t<\/div>\n\t\t\t\t\t\t\t\t<\/div>\n\t\t\t<\/div>\t\t<\/div>\n\t\t\t\t<\/div>\n\t\t\t\t\t<\/div>\n\t\t<\/div>\n\t\t\t\t\t<\/div>\n\t\t<\/section>\n\t\t\t\t<section class=\"elementor-section elementor-top-section elementor-element elementor-element-9a21e3c elementor-section-stretched elementor-section-full_width elementor-section-height-default elementor-section-height-default\" data-id=\"9a21e3c\" data-element_type=\"section\" data-settings=\"{&quot;stretch_section&quot;:&quot;section-stretched&quot;,&quot;background_background&quot;:&quot;classic&quot;}\">\n\t\t\t\t\t\t<div class=\"elementor-container elementor-column-gap-wider\">\n\t\t\t\t\t<div class=\"elementor-column elementor-col-50 elementor-top-column elementor-element elementor-element-fd603a2\" data-id=\"fd603a2\" data-element_type=\"column\" data-settings=\"{&quot;background_background&quot;:&quot;classic&quot;}\">\n\t\t\t<div class=\"elementor-widget-wrap elementor-element-populated\">\n\t\t\t\t\t\t<section class=\"elementor-section elementor-inner-section elementor-element elementor-element-61909c0 elementor-section-boxed elementor-section-height-default elementor-section-height-default\" data-id=\"61909c0\" data-element_type=\"section\">\n\t\t\t\t\t\t<div class=\"elementor-container elementor-column-gap-wider\">\n\t\t\t\t\t<div class=\"elementor-column elementor-col-100 elementor-inner-column elementor-element elementor-element-d6d8a49\" data-id=\"d6d8a49\" data-element_type=\"column\">\n\t\t\t<div class=\"elementor-widget-wrap elementor-element-populated\">\n\t\t\t\t\t\t<div class=\"elementor-element elementor-element-23774f2 elementor-widget elementor-widget-heading\" data-id=\"23774f2\" data-element_type=\"widget\" data-widget_type=\"heading.default\">\n\t\t\t\t<div class=\"elementor-widget-container\">\n\t\t\t<h3 class=\"elementor-heading-title elementor-size-default\">Contact Us To Collaborate in Shaping New Opportunities Together!<\/h3>\t\t<\/div>\n\t\t\t\t<\/div>\n\t\t\t\t<div class=\"elementor-element elementor-element-ae8100b elementor-widget elementor-widget-spacer\" data-id=\"ae8100b\" data-element_type=\"widget\" data-widget_type=\"spacer.default\">\n\t\t\t\t<div class=\"elementor-widget-container\">\n\t\t\t\t\t<div class=\"elementor-spacer\">\n\t\t\t<div class=\"elementor-spacer-inner\"><\/div>\n\t\t<\/div>\n\t\t\t\t<\/div>\n\t\t\t\t<\/div>\n\t\t\t\t<div class=\"elementor-element elementor-element-0b95070 elementor-widget elementor-widget-text-editor\" data-id=\"0b95070\" data-element_type=\"widget\" data-widget_type=\"text-editor.default\">\n\t\t\t\t<div class=\"elementor-widget-container\">\n\t\t\t\t\t\t\t<p>At Bash Group, we work to create new opportunities for both manufacturers and suppliers.<\/p>\t\t\t\t\t\t<\/div>\n\t\t\t\t<\/div>\n\t\t\t\t<div class=\"elementor-element elementor-element-c72b3db elementor-widget elementor-widget-spacer\" data-id=\"c72b3db\" data-element_type=\"widget\" data-widget_type=\"spacer.default\">\n\t\t\t\t<div class=\"elementor-widget-container\">\n\t\t\t\t\t<div class=\"elementor-spacer\">\n\t\t\t<div class=\"elementor-spacer-inner\"><\/div>\n\t\t<\/div>\n\t\t\t\t<\/div>\n\t\t\t\t<\/div>\n\t\t\t\t<div class=\"elementor-element elementor-element-2bc88b4 elementor-widget elementor-widget-the7_button_widget\" data-id=\"2bc88b4\" data-element_type=\"widget\" data-widget_type=\"the7_button_widget.default\">\n\t\t\t\t<div class=\"elementor-widget-container\">\n\t\t\t<div class=\"elementor-button-wrapper\"><a href=\"https:\/\/bashgroup.com.tr\/en\/iletisim\/\" class=\"box-button elementor-button elementor-size-md\">Contact Us<\/a><\/div>\t\t<\/div>\n\t\t\t\t<\/div>\n\t\t\t\t\t<\/div>\n\t\t<\/div>\n\t\t\t\t\t<\/div>\n\t\t<\/section>\n\t\t\t\t\t<\/div>\n\t\t<\/div>\n\t\t\t\t<div class=\"elementor-column elementor-col-50 elementor-top-column elementor-element elementor-element-caae64b elementor-hidden-tablet elementor-hidden-mobile\" data-id=\"caae64b\" data-element_type=\"column\" data-settings=\"{&quot;background_background&quot;:&quot;classic&quot;}\">\n\t\t\t<div class=\"elementor-widget-wrap elementor-element-populated\">\n\t\t\t\t\t<div class=\"elementor-background-overlay\"><\/div>\n\t\t\t\t\t\t<div class=\"elementor-element elementor-element-fff5c2d elementor-widget elementor-widget-spacer\" data-id=\"fff5c2d\" data-element_type=\"widget\" data-widget_type=\"spacer.default\">\n\t\t\t\t<div class=\"elementor-widget-container\">\n\t\t\t\t\t<div class=\"elementor-spacer\">\n\t\t\t<div class=\"elementor-spacer-inner\"><\/div>\n\t\t<\/div>\n\t\t\t\t<\/div>\n\t\t\t\t<\/div>\n\t\t\t\t\t<\/div>\n\t\t<\/div>\n\t\t\t\t\t<\/div>\n\t\t<\/section>\n\t\t<div class=\"elementor-element elementor-element-7427c39 e-flex e-con-boxed e-con e-parent\" data-id=\"7427c39\" data-element_type=\"container\">\n\t\t\t\t\t<div class=\"e-con-inner\">\n\t\t\t\t<div class=\"elementor-element elementor-element-eb305b9 elementor-widget elementor-widget-button\" data-id=\"eb305b9\" data-element_type=\"widget\" data-widget_type=\"button.default\">\n\t\t\t\t<div class=\"elementor-widget-container\">\n\t\t\t\t\t<div class=\"elementor-button-wrapper\">\n\t\t\t<a class=\"elementor-button elementor-button-link elementor-size-sm\" href=\"#\">\n\t\t\t\t\t\t<span class=\"elementor-button-content-wrapper\">\n\t\t\t\t\t\t\t\t\t<span class=\"elementor-button-text\">Buraya t\u0131kla<\/span>\n\t\t\t\t\t<\/span>\n\t\t\t\t\t<\/a>\n\t\t<\/div>\n\t\t\t\t<\/div>\n\t\t\t\t<\/div>\n\t\t\t\t\t<\/div>\n\t\t\t\t<\/div>\n\t\t\t\t<\/div>","protected":false},"excerpt":{"rendered":"<p>01. \u00dcreticiler Bash Group olarak, \u00fcretici olarak faaliyet g\u00f6steren m\u00fc\u015fterilerimizle g\u00fcveni ve m\u00fc\u015fteri memnuniyetini \u00f6n planda tutarak sa\u011flam ve kal\u0131c\u0131 ili\u015fkiler kurmay\u0131 hedefliyoruz. G\u00fcvenilir bir ortak olarak, uzun vadeli sat\u0131\u015f s\u00f6zle\u015fmeleriyle ihtiya\u00e7lar\u0131n\u0131za y\u00f6nelik \u00e7\u00f6z\u00fcmler sunuyoruz. Arad\u0131\u011f\u0131n\u0131z m\u00fc\u015fteri kitlesine ula\u015fman\u0131n yollar\u0131n\u0131 biliyor ve sizin i\u00e7in do\u011fru m\u00fc\u015fteriyi bulmak i\u00e7in \u00e7al\u0131\u015f\u0131yoruz. \u00dcretici Misiniz? Bize Yaz\u0131n 02. Sat\u0131c\u0131lar&hellip;<\/p>","protected":false},"author":2,"featured_media":5782,"parent":0,"menu_order":40,"comment_status":"closed","ping_status":"closed","template":"","meta":{"footnotes":""},"class_list":["post-993","page","type-page","status-publish","has-post-thumbnail","hentry"],"_links":{"self":[{"href":"https:\/\/bashgroup.com.tr\/en\/wp-json\/wp\/v2\/pages\/993","targetHints":{"allow":["GET"]}}],"collection":[{"href":"https:\/\/bashgroup.com.tr\/en\/wp-json\/wp\/v2\/pages"}],"about":[{"href":"https:\/\/bashgroup.com.tr\/en\/wp-json\/wp\/v2\/types\/page"}],"author":[{"embeddable":true,"href":"https:\/\/bashgroup.com.tr\/en\/wp-json\/wp\/v2\/users\/2"}],"replies":[{"embeddable":true,"href":"https:\/\/bashgroup.com.tr\/en\/wp-json\/wp\/v2\/comments?post=993"}],"version-history":[{"count":21,"href":"https:\/\/bashgroup.com.tr\/en\/wp-json\/wp\/v2\/pages\/993\/revisions"}],"predecessor-version":[{"id":6059,"href":"https:\/\/bashgroup.com.tr\/en\/wp-json\/wp\/v2\/pages\/993\/revisions\/6059"}],"wp:featuredmedia":[{"embeddable":true,"href":"https:\/\/bashgroup.com.tr\/en\/wp-json\/wp\/v2\/media\/5782"}],"wp:attachment":[{"href":"https:\/\/bashgroup.com.tr\/en\/wp-json\/wp\/v2\/media?parent=993"}],"curies":[{"name":"wp","href":"https:\/\/api.w.org\/{rel}","templated":true}]}}